{"id":367,"date":"2024-06-21T18:33:27","date_gmt":"2024-06-21T18:33:27","guid":{"rendered":"https:\/\/www.gorilamx.com\/aviso-de-privacidad\/"},"modified":"2024-08-13T18:33:48","modified_gmt":"2024-08-13T18:33:48","slug":"privacy-notice","status":"publish","type":"page","link":"https:\/\/www.gorilamx.com\/en\/privacy-notice\/","title":{"rendered":"Privacy Notice"},"content":{"rendered":"<div class=\"wpb-content-wrapper\"><p>[vc_row full_width=&#8221;stretch_row&#8221; css=&#8221;.vc_custom_1721242906593{padding-top: 100px !important;padding-bottom: 100px !important;background-image: url(https:\/\/www.gorilamx.com\/wp-content\/uploads\/2024\/07\/bg-contacto.jpg?id=148) !important;background-position: center !important;background-repeat: no-repeat !important;background-size: cover !important;}&#8221;][vc_column css=&#8221;.vc_custom_1721242910953{padding-top: 0px !important;}&#8221;][vc_column_text css=&#8221;.vc_custom_1721242946064{margin-bottom: 0px !important;}&#8221; el_class=&#8221;blanco titular&#8221;]<\/p>\n<h1>AVISO DE PRIVACIDAD<\/h1>\n<p>[\/vc_column_text][\/vc_column][\/vc_row][vc_row full_width=&#8221;stretch_row&#8221; css=&#8221;.vc_custom_1723126255434{padding-top: 50px !important;padding-bottom: 50px !important;}&#8221;][vc_column][vc_column_text css=&#8221;&#8221;]<b>GRUPO DUDLER, S.A. DE C.V.<\/b><span style=\"font-weight: 400;\"> (en lo sucesivo, <\/span><b>Gorila MX<\/b><span style=\"font-weight: 400;\">), comprometido con la confidencialidad, seguridad y protecci\u00f3n de sus datos personales, le da a conocer el siguiente Aviso de Privacidad. En cumplimiento de lo establecido por la Ley Federal de Protecci\u00f3n de Datos Personales en Posesi\u00f3n de los Particulares, su Reglamento y dem\u00e1s disposiciones aplicables (en lo sucesivo, la \u201cLFPDPPP\u201d), \u201cGorila MX\u201d, con domicilio ubicado en Avenida Primero de mayo n\u00famero 15, piso 9, Colonia San Andr\u00e9s Atoto, CP 53500, Estado de M\u00e9xico, es responsable del tratamiento de sus datos personales de identificaci\u00f3n. <\/span><\/p>\n<p><span style=\"font-weight: 900;\">Obtenci\u00f3n de Datos Personales<\/span><b>Gorila MX<\/b><span style=\"font-weight: 400;\"> puede recabar sus datos personales de las siguientes formas:<\/span><\/p>\n<ol>\n<li><span style=\"font-weight: 400;\"> Cuando usted nos los proporciona personalmente.<\/span><\/li>\n<li><span style=\"font-weight: 400;\"> A trav\u00e9s de medios electr\u00f3nicos, \u00f3pticos, sonoros o de cualquier otra tecnolog\u00eda como correo postal, internet o v\u00eda telef\u00f3nica.<\/span><\/li>\n<li><span style=\"font-weight: 400;\"> A trav\u00e9s de un tercero por una transferencia consentida (empleadores, instituciones de seguros y de fianzas, instituciones financieras, proveedores de servicios y profesionales m\u00e9dicos).<\/span><\/li>\n<li><span style=\"font-weight: 400;\"> A trav\u00e9s de una fuente de acceso p\u00fablico.<\/span><\/li>\n<\/ol>\n<p><span style=\"font-weight: 900;\">Finalidades del Tratamiento de Datos<\/span><span style=\"font-weight: 400;\">Finalidades Primarias<\/span><span style=\"font-weight: 400;\">A continuaci\u00f3n, se describen las finalidades primarias para las cuales se recaban los datos personales. <\/span><b>1.- Clientes Potenciales o Clientes<\/b><span style=\"font-weight: 400;\"> (incluyendo, si aplica, a sus empleados y\/o derechohabientes):<\/span><\/p>\n<ol>\n<li style=\"font-weight: 400;\" aria-level=\"2\"><span style=\"font-weight: 400;\">Evaluar y atender su solicitud de informaci\u00f3n.<\/span><\/li>\n<li style=\"font-weight: 400;\" aria-level=\"2\"><span style=\"font-weight: 400;\">Comercializaci\u00f3n de productos y\/o prestaci\u00f3n de servicios de instalaci\u00f3n de dispositivos de geolocalizaci\u00f3n.<\/span><\/li>\n<li style=\"font-weight: 400;\" aria-level=\"2\"><span style=\"font-weight: 400;\">Gesti\u00f3n, coordinaci\u00f3n y manejo de agendas de t\u00e9cnicos y prestadores de servicios.<\/span><\/li>\n<li style=\"font-weight: 400;\" aria-level=\"2\"><span style=\"font-weight: 400;\">Cobro y facturaci\u00f3n por nuestros servicios y\/o productos, incluyendo cargos en l\u00ednea.<\/span><\/li>\n<li style=\"font-weight: 400;\" aria-level=\"2\"><span style=\"font-weight: 400;\">Evaluaci\u00f3n de la calidad de los servicios y\/o productos.<\/span><\/li>\n<\/ol>\n<p><b>2.- Proveedores:<\/b><\/p>\n<ol>\n<li style=\"font-weight: 400;\" aria-level=\"1\"><span style=\"font-weight: 400;\">Proceso de evaluaci\u00f3n y, en su caso, contrataci\u00f3n.<\/span><\/li>\n<li style=\"font-weight: 400;\" aria-level=\"1\"><span style=\"font-weight: 400;\">Facturaci\u00f3n y acreditamiento de pagos por el suministro de productos y\/o servicios.<\/span><\/li>\n<\/ol>\n<p><b>3.- Candidatos a Vacantes y Empleados:<\/b><\/p>\n<ol>\n<li style=\"font-weight: 400;\" aria-level=\"1\"><span style=\"font-weight: 400;\">Proceso de selecci\u00f3n, an\u00e1lisis, reclutamiento y verificaci\u00f3n de referencias.<\/span><\/li>\n<li style=\"font-weight: 400;\" aria-level=\"1\"><span style=\"font-weight: 400;\">Bolsa de trabajo, capacitaci\u00f3n y desarrollo de habilidades.<\/span><\/li>\n<li style=\"font-weight: 400;\" aria-level=\"1\"><span style=\"font-weight: 400;\">Contrataci\u00f3n y cumplimiento de obligaciones derivadas de la relaci\u00f3n laboral.<\/span><\/li>\n<\/ol>\n<p><b>4.- Visitantes a Instalaciones de Gorila MX:<\/b><\/p>\n<ol>\n<li style=\"font-weight: 400;\" aria-level=\"1\"><span style=\"font-weight: 400;\">Acceso, control, video vigilancia\/grabaci\u00f3n para garantizar la seguridad e integridad de las instalaciones, personal, herramientas y equipo de \u201cGorila MX\u201d.<\/span><\/li>\n<\/ol>\n<p><span style=\"font-weight: 400;\">De acuerdo con la LFPDPPP, <\/span><b>Gorila MX<\/b><span style=\"font-weight: 400;\"> requiere su consentimiento expreso para el tratamiento de sus datos personales, incluyendo los sensibles, para las finalidades primarias mencionadas en este Aviso. Si no otorga su consentimiento expreso, podr\u00edamos vernos imposibilitados para brindarle nuestros servicios y\/o productos, ofrecerle empleo u otorgarle prestaciones laborales, seg\u00fan sea el caso.<\/span><\/p>\n<p><b>Finalidades Secundarias<\/b><span style=\"font-weight: 400;\">Adem\u00e1s, sus datos personales pueden ser utilizados para las siguientes finalidades secundarias:<\/span><span style=\"font-weight: 400;\">&#8211; Mercadotecnia, publicidad y\/o prospecci\u00f3n comercial para promocionar servicios adicionales.<\/span><span style=\"font-weight: 400;\">&#8211; Informaci\u00f3n y noticias relacionadas con la industria del sector de seguridad, tecnolog\u00eda o educaci\u00f3n.<\/span><span style=\"font-weight: 400;\">&#8211; Invitaciones a promociones, concursos y\/o actividades adicionales.<\/span><span style=\"font-weight: 900;\">Transferencia de Datos<\/span><span style=\"font-weight: 400;\">Los datos personales pueden ser transferidos conforme a lo siguiente:<\/span><span style=\"font-weight: 400;\">&#8211; A clientes o proveedores de servicios contratados por <\/span><b>Gorila MX<\/b><span style=\"font-weight: 400;\"> para realizar servicios a su nombre. Dichos proveedores est\u00e1n obligados a tratar los datos personales \u00fanicamente para cumplir con los servicios y\/o productos descritos en las finalidades primarias solicitadas por el cliente.<\/span><\/p>\n<p><span style=\"font-weight: 400;\">&#8211; A sociedades relacionadas o subsidiarias de <\/span><b>Gorila MX<\/b><span style=\"font-weight: 400;\"> en M\u00e9xico y en el extranjero para fines estad\u00edsticos y de an\u00e1lisis internos sobre la calidad de nuestros servicios y\/o productos.<\/span><span style=\"font-weight: 900;\">Derechos ARCO<\/span><\/p>\n<p><span style=\"font-weight: 400;\">Usted tiene derecho a Acceder, Rectificar, Cancelar u Oponerse al tratamiento de sus datos personales (derechos ARCO). Para ejercer estos derechos, o si tiene dudas sobre este Aviso de Privacidad, puede contactar a nuestro Departamento de Datos Personales a trav\u00e9s del correo electr\u00f3nico <\/span><a href=\"mailto:hola@gorilamx.com\"><b>hola@gorilamx.com<\/b><\/a><span style=\"font-weight: 400;\">.<\/span><span style=\"font-weight: 900;\">Modificaciones al Aviso de Privacidad<\/span><b>Gorila MX<\/b><span style=\"font-weight: 400;\"> se reserva el derecho de modificar este Aviso de Privacidad para adaptarlo a nuevas legislaciones, pol\u00edticas internas o nuevos requerimientos para la prestaci\u00f3n u ofrecimiento de nuestros servicios o productos. Cualquier modificaci\u00f3n ser\u00e1 notificada a trav\u00e9s de nuestra p\u00e1gina web <\/span><a href=\"https:\/\/www.gorilamx.com\"><span style=\"font-weight: 400;\">www.gorilamx.com<\/span><\/a><span style=\"font-weight: 400;\">.<\/span><span style=\"font-weight: 400;\">Este aviso de privacidad est\u00e1 dise\u00f1ado para cumplir con la normativa mexicana y ofrecer claridad sobre el tratamiento de los datos personales por parte de &#8220;Gorila MX&#8221;.<\/span>[\/vc_column_text][\/vc_column][\/vc_row]<\/p>\n<\/div>","protected":false},"excerpt":{"rendered":"<p>[vc_row full_width=&#8221;stretch_row&#8221; css=&#8221;.vc_custom_1721242906593{padding-top: 100px !important;padding-bottom: 100px !important;background-image: url(https:\/\/www.gorilamx.com\/wp-content\/uploads\/2024\/07\/bg-contacto.jpg?id=148) !important;background-position: center !important;background-repeat: no-repeat !important;background-size: cover !important;}&#8221;][vc_column css=&#8221;.vc_custom_1721242910953{padding-top: 0px !important;}&#8221;][vc_column_text css=&#8221;.vc_custom_1721242946064{margin-bottom: 0px !important;}&#8221; el_class=&#8221;blanco titular&#8221;] AVISO DE PRIVACIDAD [\/vc_column_text][\/vc_column][\/vc_row][vc_row full_width=&#8221;stretch_row&#8221; css=&#8221;.vc_custom_1723126255434{padding-top: 50px !important;padding-bottom: 50px !important;}&#8221;][vc_column][vc_column_text css=&#8221;&#8221;]GRUPO DUDLER, S.A. DE C.V. (en lo sucesivo, Gorila MX), comprometido con la confidencialidad, seguridad y protecci\u00f3n de sus datos personales, le <a href=\"https:\/\/www.gorilamx.com\/en\/privacy-notice\/\" class=\"more-link\">&#8230;<span class=\"screen-reader-text\">  Privacy Notice<\/span><\/a><\/p>\n","protected":false},"author":1,"featured_media":0,"parent":0,"menu_order":0,"comment_status":"closed","ping_status":"open","template":"","meta":{"_acf_changed":false,"_joinchat":[],"footnotes":""},"class_list":["post-367","page","type-page","status-publish","hentry"],"acf":[],"yoast_head":"<!-- This site is optimized with the Yoast SEO Premium plugin v23.3 (Yoast SEO v23.4) - https:\/\/yoast.com\/wordpress\/plugins\/seo\/ -->\n<title>Privacy Notice - Gorila MX<\/title>\n<meta name=\"robots\" content=\"index, follow, max-snippet:-1, max-image-preview:large, max-video-preview:-1\" \/>\n<link rel=\"canonical\" href=\"https:\/\/hdi.gorilamx.com\/en\/privacy-notice\/\" \/>\n<meta property=\"og:locale\" content=\"en_US\" \/>\n<meta property=\"og:type\" content=\"article\" \/>\n<meta property=\"og:title\" content=\"Privacy Notice\" \/>\n<meta property=\"og:description\" content=\"[vc_row full_width=&#8221;stretch_row&#8221; css=&#8221;.vc_custom_1721242906593{padding-top: 100px !important;padding-bottom: 100px !important;background-image: url(https:\/\/www.gorilamx.com\/wp-content\/uploads\/2024\/07\/bg-contacto.jpg?id=148) !important;background-position: center !important;background-repeat: no-repeat !important;background-size: cover !important;}&#8221;][vc_column css=&#8221;.vc_custom_1721242910953{padding-top: 0px !important;}&#8221;][vc_column_text css=&#8221;.vc_custom_1721242946064{margin-bottom: 0px !important;}&#8221; el_class=&#8221;blanco titular&#8221;] AVISO DE PRIVACIDAD [\/vc_column_text][\/vc_column][\/vc_row][vc_row full_width=&#8221;stretch_row&#8221; css=&#8221;.vc_custom_1723126255434{padding-top: 50px !important;padding-bottom: 50px !important;}&#8221;][vc_column][vc_column_text css=&#8221;&#8221;]GRUPO DUDLER, S.A. DE C.V. (en lo sucesivo, Gorila MX), comprometido con la confidencialidad, seguridad y protecci\u00f3n de sus datos personales, le ... Privacy Notice\" \/>\n<meta property=\"og:url\" content=\"https:\/\/hdi.gorilamx.com\/en\/privacy-notice\/\" \/>\n<meta property=\"og:site_name\" content=\"Gorila MX\" \/>\n<meta property=\"article:modified_time\" content=\"2024-08-13T18:33:48+00:00\" \/>\n<meta name=\"twitter:card\" content=\"summary_large_image\" \/>\n<meta name=\"twitter:label1\" content=\"Est. reading time\" \/>\n\t<meta name=\"twitter:data1\" content=\"4 minutes\" \/>\n<script type=\"application\/ld+json\" class=\"yoast-schema-graph\">{\"@context\":\"https:\/\/schema.org\",\"@graph\":[{\"@type\":\"WebPage\",\"@id\":\"https:\/\/hdi.gorilamx.com\/en\/privacy-notice\/\",\"url\":\"https:\/\/hdi.gorilamx.com\/en\/privacy-notice\/\",\"name\":\"Privacy Notice - Gorila MX\",\"isPartOf\":{\"@id\":\"https:\/\/gorilamx.com\/#website\"},\"datePublished\":\"2024-06-21T18:33:27+00:00\",\"dateModified\":\"2024-08-13T18:33:48+00:00\",\"breadcrumb\":{\"@id\":\"https:\/\/hdi.gorilamx.com\/en\/privacy-notice\/#breadcrumb\"},\"inLanguage\":\"en-US\",\"potentialAction\":[{\"@type\":\"ReadAction\",\"target\":[\"https:\/\/hdi.gorilamx.com\/en\/privacy-notice\/\"]}]},{\"@type\":\"BreadcrumbList\",\"@id\":\"https:\/\/hdi.gorilamx.com\/en\/privacy-notice\/#breadcrumb\",\"itemListElement\":[{\"@type\":\"ListItem\",\"position\":1,\"name\":\"Portada\",\"item\":\"https:\/\/www.gorilamx.com\/en\/\"},{\"@type\":\"ListItem\",\"position\":2,\"name\":\"Privacy Notice\"}]},{\"@type\":\"WebSite\",\"@id\":\"https:\/\/gorilamx.com\/#website\",\"url\":\"https:\/\/gorilamx.com\/\",\"name\":\"Gorila MX\",\"description\":\"\",\"potentialAction\":[{\"@type\":\"SearchAction\",\"target\":{\"@type\":\"EntryPoint\",\"urlTemplate\":\"https:\/\/gorilamx.com\/?s={search_term_string}\"},\"query-input\":{\"@type\":\"PropertyValueSpecification\",\"valueRequired\":true,\"valueName\":\"search_term_string\"}}],\"inLanguage\":\"en-US\"}]}<\/script>\n<!-- \/ Yoast SEO Premium plugin. -->","yoast_head_json":{"title":"Privacy Notice - Gorila MX","robots":{"index":"index","follow":"follow","max-snippet":"max-snippet:-1","max-image-preview":"max-image-preview:large","max-video-preview":"max-video-preview:-1"},"canonical":"https:\/\/hdi.gorilamx.com\/en\/privacy-notice\/","og_locale":"en_US","og_type":"article","og_title":"Privacy Notice","og_description":"[vc_row full_width=&#8221;stretch_row&#8221; css=&#8221;.vc_custom_1721242906593{padding-top: 100px !important;padding-bottom: 100px !important;background-image: url(https:\/\/www.gorilamx.com\/wp-content\/uploads\/2024\/07\/bg-contacto.jpg?id=148) !important;background-position: center !important;background-repeat: no-repeat !important;background-size: cover !important;}&#8221;][vc_column css=&#8221;.vc_custom_1721242910953{padding-top: 0px !important;}&#8221;][vc_column_text css=&#8221;.vc_custom_1721242946064{margin-bottom: 0px !important;}&#8221; el_class=&#8221;blanco titular&#8221;] AVISO DE PRIVACIDAD [\/vc_column_text][\/vc_column][\/vc_row][vc_row full_width=&#8221;stretch_row&#8221; css=&#8221;.vc_custom_1723126255434{padding-top: 50px !important;padding-bottom: 50px !important;}&#8221;][vc_column][vc_column_text css=&#8221;&#8221;]GRUPO DUDLER, S.A. DE C.V. (en lo sucesivo, Gorila MX), comprometido con la confidencialidad, seguridad y protecci\u00f3n de sus datos personales, le ... Privacy Notice","og_url":"https:\/\/hdi.gorilamx.com\/en\/privacy-notice\/","og_site_name":"Gorila MX","article_modified_time":"2024-08-13T18:33:48+00:00","twitter_card":"summary_large_image","twitter_misc":{"Est. reading time":"4 minutes"},"schema":{"@context":"https:\/\/schema.org","@graph":[{"@type":"WebPage","@id":"https:\/\/hdi.gorilamx.com\/en\/privacy-notice\/","url":"https:\/\/hdi.gorilamx.com\/en\/privacy-notice\/","name":"Privacy Notice - Gorila MX","isPartOf":{"@id":"https:\/\/gorilamx.com\/#website"},"datePublished":"2024-06-21T18:33:27+00:00","dateModified":"2024-08-13T18:33:48+00:00","breadcrumb":{"@id":"https:\/\/hdi.gorilamx.com\/en\/privacy-notice\/#breadcrumb"},"inLanguage":"en-US","potentialAction":[{"@type":"ReadAction","target":["https:\/\/hdi.gorilamx.com\/en\/privacy-notice\/"]}]},{"@type":"BreadcrumbList","@id":"https:\/\/hdi.gorilamx.com\/en\/privacy-notice\/#breadcrumb","itemListElement":[{"@type":"ListItem","position":1,"name":"Portada","item":"https:\/\/www.gorilamx.com\/en\/"},{"@type":"ListItem","position":2,"name":"Privacy Notice"}]},{"@type":"WebSite","@id":"https:\/\/gorilamx.com\/#website","url":"https:\/\/gorilamx.com\/","name":"Gorila MX","description":"","potentialAction":[{"@type":"SearchAction","target":{"@type":"EntryPoint","urlTemplate":"https:\/\/gorilamx.com\/?s={search_term_string}"},"query-input":{"@type":"PropertyValueSpecification","valueRequired":true,"valueName":"search_term_string"}}],"inLanguage":"en-US"}]}},"_links":{"self":[{"href":"https:\/\/www.gorilamx.com\/en\/wp-json\/wp\/v2\/pages\/367"}],"collection":[{"href":"https:\/\/www.gorilamx.com\/en\/wp-json\/wp\/v2\/pages"}],"about":[{"href":"https:\/\/www.gorilamx.com\/en\/wp-json\/wp\/v2\/types\/page"}],"author":[{"embeddable":true,"href":"https:\/\/www.gorilamx.com\/en\/wp-json\/wp\/v2\/users\/1"}],"replies":[{"embeddable":true,"href":"https:\/\/www.gorilamx.com\/en\/wp-json\/wp\/v2\/comments?post=367"}],"version-history":[{"count":1,"href":"https:\/\/www.gorilamx.com\/en\/wp-json\/wp\/v2\/pages\/367\/revisions"}],"predecessor-version":[{"id":373,"href":"https:\/\/www.gorilamx.com\/en\/wp-json\/wp\/v2\/pages\/367\/revisions\/373"}],"wp:attachment":[{"href":"https:\/\/www.gorilamx.com\/en\/wp-json\/wp\/v2\/media?parent=367"}],"curies":[{"name":"wp","href":"https:\/\/api.w.org\/{rel}","templated":true}]}}